{"id":52,"date":"2025-05-13T20:54:23","date_gmt":"2025-05-13T18:54:23","guid":{"rendered":"https:\/\/narutothegallery.de\/?page_id=52"},"modified":"2025-07-03T16:18:42","modified_gmt":"2025-07-03T14:18:42","slug":"imprint","status":"publish","type":"page","link":"https:\/\/narutothegallery.de\/de\/imprint\/","title":{"rendered":"Impressum"},"content":{"rendered":"[et_pb_section fb_built=&#8221;1&#8243; admin_label=&#8221;section&#8221; _builder_version=&#8221;4.16&#8243; global_colors_info=&#8221;{}&#8221;][et_pb_row admin_label=&#8221;row&#8221; _builder_version=&#8221;4.16&#8243; background_size=&#8221;initial&#8221; background_position=&#8221;top_left&#8221; background_repeat=&#8221;repeat&#8221; global_colors_info=&#8221;{}&#8221;][et_pb_column type=&#8221;4_4&#8243; _builder_version=&#8221;4.16&#8243; custom_padding=&#8221;|||&#8221; global_colors_info=&#8221;{}&#8221; custom_padding__hover=&#8221;|||&#8221;][et_pb_heading title=&#8221;Imprint&#8221; _builder_version=&#8221;4.27.4&#8243; _module_preset=&#8221;default&#8221; title_text_color=&#8221;#000000&#8243; global_colors_info=&#8221;{}&#8221;][\/et_pb_heading][et_pb_text _builder_version=&#8221;4.27.4&#8243; _module_preset=&#8221;default&#8221; text_text_color=&#8221;#000000&#8243; global_colors_info=&#8221;{}&#8221;]<p>Angaben gem\u00e4\u00df \u00a7 5 DDG<\/p>\n<p>Tokyopop GmbH<br \/>Haus am Domplatz<br \/>Curienstra\u00dfe 2<br \/>20095 Hamburg<\/p>\n<p>Telefon: +49\/40\/89 06 34-0<br \/>E-mail: info [at] tokyopop [punkt] de<\/p>\n<p><strong>Vertreten durch:<\/strong><br \/>Susanne Hellweg<br \/>Stuart Joel Levy<\/p>\n<p><strong>Registereintrag:<\/strong><br \/>Eintragung im Handelsregister.<br \/>Registergericht: Hamburg<br \/>Registernummer: HRB 89690<\/p>\n<p><strong>Umsatzsteuer-ID:<\/strong><br \/>Umsatzsteuer-Identifikationsnummer gem\u00e4\u00df \u00a727a Umsatzsteuergesetz: DE814049463<\/p>\n<p>&nbsp;<\/p>\n<p><strong>Haftungsausschluss:<\/strong><\/p>\n<p><strong>Haftung f\u00fcr Inhalte<\/strong><\/p>\n<p>Die Inhalte unserer Seiten wurden mit gr\u00f6\u00dfter Sorgfalt erstellt. F\u00fcr die Richtigkeit, Vollst\u00e4ndigkeit und Aktualit\u00e4t der Inhalte k\u00f6nnen wir jedoch keine Gew\u00e4hr \u00fcbernehmen. Als Diensteanbieter sind wir gem\u00e4\u00df \u00a7 7 Abs.1 DDG f\u00fcr eigene Inhalte auf diesen Seiten nach den allgemeinen Gesetzen verantwortlich. Nach \u00a7\u00a7 8 bis 10 DDG sind wir als Diensteanbieter jedoch nicht verpflichtet, \u00fcbermittelte oder gespeicherte fremde Informationen zu \u00fcberwachen oder nach Umst\u00e4nden zu forschen, die auf eine rechtswidrige T\u00e4tigkeit hinweisen. Verpflichtungen zur Entfernung oder Sperrung der Nutzung von Informationen nach den allgemeinen Gesetzen bleiben hiervon unber\u00fchrt. Eine diesbez\u00fcgliche Haftung ist jedoch erst ab dem Zeitpunkt der Kenntnis einer konkreten Rechtsverletzung m\u00f6glich. Bei Bekanntwerden von entsprechenden Rechtsverletzungen werden wir diese Inhalte umgehend entfernen.<\/p>\n<p><strong>Haftung f\u00fcr Links<\/strong><\/p>\n<p>Unser Angebot enth\u00e4lt Links zu externen Webseiten Dritter, auf deren Inhalte wir keinen Einfluss haben. Deshalb k\u00f6nnen wir f\u00fcr diese fremden Inhalte auch keine Gew\u00e4hr \u00fcbernehmen. F\u00fcr die Inhalte der verlinkten Seiten ist stets der jeweilige Anbieter oder Betreiber der Seiten verantwortlich. Die verlinkten Seiten wurden zum Zeitpunkt der Verlinkung auf m\u00f6gliche Rechtsverst\u00f6\u00dfe \u00fcberpr\u00fcft. Rechtswidrige Inhalte waren zum Zeitpunkt der Verlinkung nicht erkennbar. Eine permanente inhaltliche Kontrolle der verlinkten Seiten ist jedoch ohne konkrete Anhaltspunkte einer Rechtsverletzung nicht zumutbar. Bei Bekanntwerden von Rechtsverletzungen werden wir derartige Links umgehend entfernen.<\/p>\n<p><strong>Urheberrecht<\/strong><\/p>\n<p>Die durch die Seitenbetreiber erstellten Inhalte und Werke auf diesen Seiten unterliegen dem deutschen Urheberrecht. Die Vervielf\u00e4ltigung, Bearbeitung, Verbreitung und jede Art der Verwertung au\u00dferhalb der Grenzen des Urheberrechtes bed\u00fcrfen der schriftlichen Zustimmung des jeweiligen Autors bzw. Erstellers. Downloads und Kopien dieser Seite sind nur f\u00fcr den privaten, nicht kommerziellen Gebrauch gestattet. Soweit die Inhalte auf dieser Seite nicht vom Betreiber erstellt wurden, werden die Urheberrechte Dritter beachtet. Insbesondere werden Inhalte Dritter als solche gekennzeichnet. Sollten Sie trotzdem auf eine Urheberrechtsverletzung aufmerksam werden, bitten wir um einen entsprechenden Hinweis. Bei Bekanntwerden von Rechtsverletzungen werden wir derartige Inhalte umgehend entfernen.<\/p>\n<p>&nbsp;<\/p>[\/et_pb_text][\/et_pb_column][\/et_pb_row][\/et_pb_section]","protected":false},"excerpt":{"rendered":"<p>Information according to \u00a7 5 DDG Tokyopop GmbHHaus am DomplatzCurienstra\u00dfe 220095 Hamburg Phone: +49\/40\/89 06 34-0E-mail: info [at] tokyopop [dot] de Represented by:Susanne HellwegStuart Joel Levy Register entry:Entry in the commercial register.Register court: HamburgRegister number: HRB 89690 Sales tax ID:Sales tax identification number according to \u00a727a sales tax law: DE814049463 &nbsp; Disclaimer: Liability for content [&hellip;]<\/p>","protected":false},"author":1,"featured_media":0,"parent":0,"menu_order":0,"comment_status":"closed","ping_status":"closed","template":"","meta":{"_et_pb_use_builder":"on","_et_pb_old_content":"<!-- wp:paragraph -->\r\n            <p>This is a theme template page created by Superb Addons. You can edit this page&#039;s content and its template. If the blocks you want to edit can&#039;t be found in the page content, please edit the selected template.<\/p>\r\n            <!-- \/wp:paragraph -->","_et_gb_content_width":"","footnotes":""},"class_list":["post-52","page","type-page","status-publish","hentry"],"yoast_head":"<!-- This site is optimized with the Yoast SEO plugin v25.8 - https:\/\/yoast.com\/wordpress\/plugins\/seo\/ -->\n<title>Imprint - narutothegallery.de<\/title>\n<meta name=\"description\" content=\"More information about the organizers of the first NARUTO exhibition in Europe!\" \/>\n<meta name=\"robots\" content=\"index, nofollow, max-snippet:-1, max-image-preview:large, max-video-preview:-1\" \/>\n<link rel=\"canonical\" href=\"https:\/\/narutothegallery.de\/de\/imprint\/\" \/>\n<meta property=\"og:locale\" content=\"de_DE\" \/>\n<meta property=\"og:type\" content=\"article\" \/>\n<meta property=\"og:title\" content=\"Imprint - narutothegallery.de\" \/>\n<meta property=\"og:description\" content=\"More information about the organizers of the first NARUTO exhibition in Europe!\" \/>\n<meta property=\"og:url\" content=\"https:\/\/narutothegallery.de\/de\/imprint\/\" \/>\n<meta property=\"og:site_name\" content=\"narutothegallery.de\" \/>\n<meta property=\"article:publisher\" content=\"https:\/\/www.facebook.com\/TOKYOPOPlive\" \/>\n<meta property=\"article:modified_time\" content=\"2025-07-03T14:18:42+00:00\" \/>\n<meta name=\"twitter:card\" content=\"summary_large_image\" \/>\n<meta name=\"twitter:label1\" content=\"Gesch\u00e4tzte Lesezeit\" \/>\n\t<meta name=\"twitter:data1\" content=\"2\u00a0Minuten\" \/>\n<script type=\"application\/ld+json\" class=\"yoast-schema-graph\">{\"@context\":\"https:\/\/schema.org\",\"@graph\":[{\"@type\":\"WebPage\",\"@id\":\"https:\/\/narutothegallery.de\/imprint\/\",\"url\":\"https:\/\/narutothegallery.de\/imprint\/\",\"name\":\"Imprint - narutothegallery.de\",\"isPartOf\":{\"@id\":\"https:\/\/narutothegallery.de\/de\/#website\"},\"datePublished\":\"2025-05-13T18:54:23+00:00\",\"dateModified\":\"2025-07-03T14:18:42+00:00\",\"description\":\"More information about the organizers of the first NARUTO exhibition in Europe!\",\"breadcrumb\":{\"@id\":\"https:\/\/narutothegallery.de\/imprint\/#breadcrumb\"},\"inLanguage\":\"de\",\"potentialAction\":[{\"@type\":\"ReadAction\",\"target\":[\"https:\/\/narutothegallery.de\/imprint\/\"]}]},{\"@type\":\"BreadcrumbList\",\"@id\":\"https:\/\/narutothegallery.de\/imprint\/#breadcrumb\",\"itemListElement\":[{\"@type\":\"ListItem\",\"position\":1,\"name\":\"Home\",\"item\":\"https:\/\/narutothegallery.de\/en\/\"},{\"@type\":\"ListItem\",\"position\":2,\"name\":\"Imprint\"}]},{\"@type\":\"WebSite\",\"@id\":\"https:\/\/narutothegallery.de\/de\/#website\",\"url\":\"https:\/\/narutothegallery.de\/de\/\",\"name\":\"narutothegallery.de\",\"description\":\"\",\"publisher\":{\"@id\":\"https:\/\/narutothegallery.de\/de\/#organization\"},\"potentialAction\":[{\"@type\":\"SearchAction\",\"target\":{\"@type\":\"EntryPoint\",\"urlTemplate\":\"https:\/\/narutothegallery.de\/de\/?s={search_term_string}\"},\"query-input\":{\"@type\":\"PropertyValueSpecification\",\"valueRequired\":true,\"valueName\":\"search_term_string\"}}],\"inLanguage\":\"de\"},{\"@type\":\"Organization\",\"@id\":\"https:\/\/narutothegallery.de\/de\/#organization\",\"name\":\"narutothegallery.de\",\"url\":\"https:\/\/narutothegallery.de\/de\/\",\"logo\":{\"@type\":\"ImageObject\",\"inLanguage\":\"de\",\"@id\":\"https:\/\/narutothegallery.de\/de\/#\/schema\/logo\/image\/\",\"url\":\"https:\/\/narutothegallery.de\/wp-content\/uploads\/2025\/05\/naruto20th_ntg_logo_BERLIN_rgb-02.png\",\"contentUrl\":\"https:\/\/narutothegallery.de\/wp-content\/uploads\/2025\/05\/naruto20th_ntg_logo_BERLIN_rgb-02.png\",\"width\":1648,\"height\":694,\"caption\":\"narutothegallery.de\"},\"image\":{\"@id\":\"https:\/\/narutothegallery.de\/de\/#\/schema\/logo\/image\/\"},\"sameAs\":[\"https:\/\/www.facebook.com\/TOKYOPOPlive\",\"https:\/\/www.instagram.com\/tokyopoplive\/\"]}]}<\/script>\n<!-- \/ Yoast SEO plugin. -->","yoast_head_json":{"title":"Imprint - narutothegallery.de","description":"More information about the organizers of the first NARUTO exhibition in Europe!","robots":{"index":"index","follow":"nofollow","max-snippet":"max-snippet:-1","max-image-preview":"max-image-preview:large","max-video-preview":"max-video-preview:-1"},"canonical":"https:\/\/narutothegallery.de\/de\/imprint\/","og_locale":"de_DE","og_type":"article","og_title":"Imprint - narutothegallery.de","og_description":"More information about the organizers of the first NARUTO exhibition in Europe!","og_url":"https:\/\/narutothegallery.de\/de\/imprint\/","og_site_name":"narutothegallery.de","article_publisher":"https:\/\/www.facebook.com\/TOKYOPOPlive","article_modified_time":"2025-07-03T14:18:42+00:00","twitter_card":"summary_large_image","twitter_misc":{"Gesch\u00e4tzte Lesezeit":"2\u00a0Minuten"},"schema":{"@context":"https:\/\/schema.org","@graph":[{"@type":"WebPage","@id":"https:\/\/narutothegallery.de\/imprint\/","url":"https:\/\/narutothegallery.de\/imprint\/","name":"Imprint - narutothegallery.de","isPartOf":{"@id":"https:\/\/narutothegallery.de\/de\/#website"},"datePublished":"2025-05-13T18:54:23+00:00","dateModified":"2025-07-03T14:18:42+00:00","description":"More information about the organizers of the first NARUTO exhibition in Europe!","breadcrumb":{"@id":"https:\/\/narutothegallery.de\/imprint\/#breadcrumb"},"inLanguage":"de","potentialAction":[{"@type":"ReadAction","target":["https:\/\/narutothegallery.de\/imprint\/"]}]},{"@type":"BreadcrumbList","@id":"https:\/\/narutothegallery.de\/imprint\/#breadcrumb","itemListElement":[{"@type":"ListItem","position":1,"name":"Home","item":"https:\/\/narutothegallery.de\/en\/"},{"@type":"ListItem","position":2,"name":"Imprint"}]},{"@type":"WebSite","@id":"https:\/\/narutothegallery.de\/de\/#website","url":"https:\/\/narutothegallery.de\/de\/","name":"narutothegallery.de","description":"","publisher":{"@id":"https:\/\/narutothegallery.de\/de\/#organization"},"potentialAction":[{"@type":"SearchAction","target":{"@type":"EntryPoint","urlTemplate":"https:\/\/narutothegallery.de\/de\/?s={search_term_string}"},"query-input":{"@type":"PropertyValueSpecification","valueRequired":true,"valueName":"search_term_string"}}],"inLanguage":"de"},{"@type":"Organization","@id":"https:\/\/narutothegallery.de\/de\/#organization","name":"narutothegallery.de","url":"https:\/\/narutothegallery.de\/de\/","logo":{"@type":"ImageObject","inLanguage":"de","@id":"https:\/\/narutothegallery.de\/de\/#\/schema\/logo\/image\/","url":"https:\/\/narutothegallery.de\/wp-content\/uploads\/2025\/05\/naruto20th_ntg_logo_BERLIN_rgb-02.png","contentUrl":"https:\/\/narutothegallery.de\/wp-content\/uploads\/2025\/05\/naruto20th_ntg_logo_BERLIN_rgb-02.png","width":1648,"height":694,"caption":"narutothegallery.de"},"image":{"@id":"https:\/\/narutothegallery.de\/de\/#\/schema\/logo\/image\/"},"sameAs":["https:\/\/www.facebook.com\/TOKYOPOPlive","https:\/\/www.instagram.com\/tokyopoplive\/"]}]}},"_links":{"self":[{"href":"https:\/\/narutothegallery.de\/de\/wp-json\/wp\/v2\/pages\/52","targetHints":{"allow":["GET"]}}],"collection":[{"href":"https:\/\/narutothegallery.de\/de\/wp-json\/wp\/v2\/pages"}],"about":[{"href":"https:\/\/narutothegallery.de\/de\/wp-json\/wp\/v2\/types\/page"}],"author":[{"embeddable":true,"href":"https:\/\/narutothegallery.de\/de\/wp-json\/wp\/v2\/users\/1"}],"replies":[{"embeddable":true,"href":"https:\/\/narutothegallery.de\/de\/wp-json\/wp\/v2\/comments?post=52"}],"version-history":[{"count":10,"href":"https:\/\/narutothegallery.de\/de\/wp-json\/wp\/v2\/pages\/52\/revisions"}],"predecessor-version":[{"id":637,"href":"https:\/\/narutothegallery.de\/de\/wp-json\/wp\/v2\/pages\/52\/revisions\/637"}],"wp:attachment":[{"href":"https:\/\/narutothegallery.de\/de\/wp-json\/wp\/v2\/media?parent=52"}],"curies":[{"name":"wp","href":"https:\/\/api.w.org\/{rel}","templated":true}]}}